{"id":58,"date":"2019-08-05T15:44:52","date_gmt":"2019-08-05T13:44:52","guid":{"rendered":"http:\/\/echiquier-libournais.clubechecs.fr\/?page_id=58"},"modified":"2025-07-06T09:35:21","modified_gmt":"2025-07-06T07:35:21","slug":"cours","status":"publish","type":"page","link":"https:\/\/echiquier-libournais.clubechecs.fr\/index.php\/cours\/","title":{"rendered":"Cours avec un ma\u00eetre fide !"},"content":{"rendered":"<div class=\"wp-block-image\">\n<figure class=\"aligncenter\"><img loading=\"lazy\" decoding=\"async\" width=\"720\" height=\"960\" src=\"http:\/\/echiquier-libournais.clubechecs.fr\/wp-content\/uploads\/2019\/08\/photo-Julien-Favarel.jpg\" alt=\"\" class=\"wp-image-173\" srcset=\"https:\/\/echiquier-libournais.clubechecs.fr\/wp-content\/uploads\/2019\/08\/photo-Julien-Favarel.jpg 720w, https:\/\/echiquier-libournais.clubechecs.fr\/wp-content\/uploads\/2019\/08\/photo-Julien-Favarel-225x300.jpg 225w\" sizes=\"(max-width: 720px) 100vw, 720px\" \/><\/figure><\/div>\n\n<h5 style=\"text-align: center;\"><span style=\"color: #993366;\">Julien FAVAREL, Ma\u00eetre F.I.D.E., 2\u00e8me de l\u2019accession au championnat de France 2018, donnera les cours \u00e0 Libourne pour la saison 2025\/2026 les samedis<br \/><\/span><\/h5>\n\n\n<ul class=\"wp-block-list\">\n<li><strong>14h-15h30 : pour les d\u00e9couvertes et loisirs <\/strong><\/li>\n\n\n\n<li><strong>15h40-17h10 : pour les confirm\u00e9s <\/strong><\/li>\n<\/ul>\n\n\n\n<p><strong>Cours avec vid\u00e9oprojecteur, analyse de parties de joueurs du club et de joueurs ext\u00e9rieurs,  apprentissage de tactiques,  application pratique.<\/strong><\/p>\n\n\n\n<p><strong>Parties en simultan\u00e9es avec le ma\u00eetre Fide.<\/strong><\/p>\n","protected":false},"excerpt":{"rendered":"<p>Julien FAVAREL, Ma\u00eetre F.I.D.E., 2\u00e8me de l\u2019accession au championnat de France 2018, donnera les cours \u00e0 Libourne pour la saison 2025\/2026 les samedis Cours avec vid\u00e9oprojecteur, analyse de parties de joueurs du club et de joueurs ext\u00e9rieurs, apprentissage de tactiques, application pratique. Parties en simultan\u00e9es avec le ma\u00eetre Fide.<\/p>\n","protected":false},"author":2,"featured_media":0,"parent":0,"menu_order":0,"comment_status":"closed","ping_status":"closed","template":"page-templates\/template-pagebuilder-full-width.php","meta":{"footnotes":""},"class_list":["post-58","page","type-page","status-publish","hentry"],"_links":{"self":[{"href":"https:\/\/echiquier-libournais.clubechecs.fr\/index.php\/wp-json\/wp\/v2\/pages\/58"}],"collection":[{"href":"https:\/\/echiquier-libournais.clubechecs.fr\/index.php\/wp-json\/wp\/v2\/pages"}],"about":[{"href":"https:\/\/echiquier-libournais.clubechecs.fr\/index.php\/wp-json\/wp\/v2\/types\/page"}],"author":[{"embeddable":true,"href":"https:\/\/echiquier-libournais.clubechecs.fr\/index.php\/wp-json\/wp\/v2\/users\/2"}],"replies":[{"embeddable":true,"href":"https:\/\/echiquier-libournais.clubechecs.fr\/index.php\/wp-json\/wp\/v2\/comments?post=58"}],"version-history":[{"count":26,"href":"https:\/\/echiquier-libournais.clubechecs.fr\/index.php\/wp-json\/wp\/v2\/pages\/58\/revisions"}],"predecessor-version":[{"id":831,"href":"https:\/\/echiquier-libournais.clubechecs.fr\/index.php\/wp-json\/wp\/v2\/pages\/58\/revisions\/831"}],"wp:attachment":[{"href":"https:\/\/echiquier-libournais.clubechecs.fr\/index.php\/wp-json\/wp\/v2\/media?parent=58"}],"curies":[{"name":"wp","href":"https:\/\/api.w.org\/{rel}","templated":true}]}}