{"id":10,"date":"2019-08-05T14:22:45","date_gmt":"2019-08-05T12:22:45","guid":{"rendered":"http:\/\/echiquier-libournais.clubechecs.fr\/?page_id=10"},"modified":"2025-07-07T13:59:12","modified_gmt":"2025-07-07T11:59:12","slug":"accueil","status":"publish","type":"page","link":"https:\/\/echiquier-libournais.clubechecs.fr\/","title":{"rendered":"Accueil"},"content":{"rendered":"<div class=\"col-md-5\">\n<h3>\u00c0 propos de Hestia<\/h3>\n<p>Besoin de plus de d\u00e9tails ? Consultez notre documentation compl\u00e8te sur la m\u00e9thode d\u2019utilisation de Hestia.<\/p>\n<\/div>\n<div class=\"col-md-6 col-md-offset-1\"><img decoding=\"async\" class=\"size-medium alignright\" src=\"https:\/\/echiquier-libournais.clubechecs.fr\/wp-content\/themes\/hestia\/assets\/img\/about-content.png\"><\/div>\n","protected":false},"excerpt":{"rendered":"<p>\u00c0 propos de Hestia Besoin de plus de d\u00e9tails ? Consultez notre documentation compl\u00e8te sur la m\u00e9thode d\u2019utilisation de Hestia.<\/p>\n","protected":false},"author":2,"featured_media":0,"parent":0,"menu_order":0,"comment_status":"closed","ping_status":"closed","template":"","meta":{"footnotes":""},"class_list":["post-10","page","type-page","status-publish","hentry"],"_links":{"self":[{"href":"https:\/\/echiquier-libournais.clubechecs.fr\/index.php\/wp-json\/wp\/v2\/pages\/10"}],"collection":[{"href":"https:\/\/echiquier-libournais.clubechecs.fr\/index.php\/wp-json\/wp\/v2\/pages"}],"about":[{"href":"https:\/\/echiquier-libournais.clubechecs.fr\/index.php\/wp-json\/wp\/v2\/types\/page"}],"author":[{"embeddable":true,"href":"https:\/\/echiquier-libournais.clubechecs.fr\/index.php\/wp-json\/wp\/v2\/users\/2"}],"replies":[{"embeddable":true,"href":"https:\/\/echiquier-libournais.clubechecs.fr\/index.php\/wp-json\/wp\/v2\/comments?post=10"}],"version-history":[{"count":2,"href":"https:\/\/echiquier-libournais.clubechecs.fr\/index.php\/wp-json\/wp\/v2\/pages\/10\/revisions"}],"predecessor-version":[{"id":671,"href":"https:\/\/echiquier-libournais.clubechecs.fr\/index.php\/wp-json\/wp\/v2\/pages\/10\/revisions\/671"}],"wp:attachment":[{"href":"https:\/\/echiquier-libournais.clubechecs.fr\/index.php\/wp-json\/wp\/v2\/media?parent=10"}],"curies":[{"name":"wp","href":"https:\/\/api.w.org\/{rel}","templated":true}]}}